{"id":3,"date":"2020-12-08T20:35:30","date_gmt":"2020-12-08T20:35:30","guid":{"rendered":"https:\/\/casadopatin.es\/?page_id=3"},"modified":"2022-03-17T09:45:57","modified_gmt":"2022-03-17T09:45:57","slug":"politica-privacidade","status":"publish","type":"page","link":"https:\/\/casadopatin.es\/index.php\/politica-privacidade\/","title":{"rendered":"Politica de Privacidade"},"content":{"rendered":"<p><strong>AMPARO ANGUEIRA VITURRO<\/strong> (o \u00abTitular\u00bb) facilita aos usuarios (o \u00abUsuario\u00bb ou os \u00abUsuarios\u00bb) do presente sitio web (o \u00ab<strong>Sitio Web<\/strong>\u00ab) a seguinte informaci\u00f3n.<\/p>\r\n<p>Inf\u00f3rmase aos Usuarios conforme ao establecido no art 13 do Regulamento (UE) 2016\/679 do Parlamento Europeo e do Consello, de 27 de abril de 2016, relativo \u00e1 protecci\u00f3n das persoas f\u00edsicas no que respecta ao tratamento de datos persoais e \u00e1 libre circulaci\u00f3n destes datos e polo que se derroga a Directiva 95\/46\/CE (Regulamento xeral de protecci\u00f3n de datos) (o \u00abRGPD\u00bb).Os produtos e servizos ofrecidos polo Titular est\u00e1n dirixidos a maiores de 18 anos. No suposto excepcional de que se ofrecese alg\u00fan servizo dirixido especificamente a menores de devandita idade, o Titular solicitar\u00e1 a conformidade dos pais ou titores para o tratamento dos datos persoais. Esta Pol\u00edtica de Privacidade xunto co Aviso Legal, a Pol\u00edtica de Cookies e as Condici\u00f3ns xerais de contrataci\u00f3n son o conxunto de normas que definen os termos e condici\u00f3ns que regulan o acceso e uso da a parte p\u00fablica e \u00e1 parte privada deste Sitio Web.<\/p>\r\n<p><strong>1.1 LICITUD DO TRATAMENTO<\/strong><\/p>\r\n<p><strong>Base xur\u00eddica:<\/strong><\/p>\r\n<p>RGPD: 6.1 a) o interesado deu o seu consentimento para o tratamento dos seus datos persoais para un ou varios fins espec\u00edficos; 6.1 b) O tratamento \u00e9 necesario para a execuci\u00f3n dun contrato no que o interesado \u00e9 parte ou para a aplicaci\u00f3n a petici\u00f3n de leste de medidas precontractuais.<\/p>\r\n<p>Finalidade do tratamento: Xesti\u00f3n administrativa das solicitudes que se realicen a trav\u00e9s da p\u00e1xina web, o seguimento e remisi\u00f3n aos socios ou posibles interesados de actividades, noticias, programas ou de calquera dos servizos e produtos ofrecidos que estean relacionados coa actividade institucional que o Titular desenvolve.<\/p>\r\n<p><strong>Colectivo:<\/strong> Persoas f\u00edsicas, inclu\u00eddas os representantes de persoas xur\u00eddicas.<\/p>\r\n<p><strong>Categor\u00edas de Datos: <\/strong>Datos identificativos<\/p>\r\n<p><strong>Categor\u00eda destinatarios:<\/strong> Non est\u00e1n previstas comunicaci\u00f3ns de datos.<\/p>\r\n<p><strong>Transferencias Internacionais:<\/strong> Non est\u00e1n previstas transferencias internacionais dos datos.<\/p>\r\n<p><strong>Prazo supresi\u00f3n:<\/strong> Conservaranse durante o tempo necesario para o cumprimento dos dereitos e obrigaci\u00f3ns derivados da relaci\u00f3n contractual.<\/p>\r\n<p><strong>Entidade responsable:<\/strong> O Titular<\/p>\r\n<p><strong>Exercicio de dereitos:<\/strong> Tal e como ve\u00f1en recollidos na presente Pol\u00edtica de Privacidade<\/p>\r\n<p><strong>1.2 INFORMACI\u00d3N COMERCIAL OU PUBLICIDADE<\/strong><\/p>\r\n<p>O Titular inf\u00f3rmalle que a Lei 34\/2002, de Servizos da Sociedade da Informaci\u00f3n prohibe o env\u00edo de comunicaci\u00f3ns publicitarias ou promocionais a trav\u00e9s de calquera medio de comunicaci\u00f3n electr\u00f3nica que previamente non fosen solicitadas ou expresamente autorizadas polos destinatarios excepto cando exista unha relaci\u00f3n contractual previa e sempre que o remitente obtivese de forma l\u00edcita os datos de contacto do destinatario e empreg\u00e1seos para env\u00edos comerciais referentes a produtos ou servizos da s\u00faa empresa similares aos inicialmente contratados. Non obstante, a\u00ednda que marque a casilla de aceptaci\u00f3n ou exista unha relaci\u00f3n contractual previa, poder\u00e1 en calquera momento, revogar o seu consentimento para o env\u00edo de comunicaci\u00f3ns comerciais de acordo ao exercicio de dereitos detallado na presente pol\u00edtica. No caso de que queira realizar unha baixa das comunicaci\u00f3ns comerciais e publicitarias, pode realizala vostede mesmo enviando un correo electr\u00f3nico, desde a conta que desexa dar de baixa, indicando no asunto \u00abBaixa de comunicaci\u00f3ns comerciais\u00bb.<\/p>\r\n<p><strong>1.3 MEDIDAS DE SEGURIDADE<\/strong><\/p>\r\n<p>O Titular obr\u00edgase a adoptar as medidas de \u00edndole t\u00e9cnica e organizativas necesarias que garantan a seguridade dos datos de car\u00e1cter persoal e eviten a s\u00faa alteraci\u00f3n, perda, tratamento ou acceso non autorizado, tendo en conta do estado da tecnolox\u00eda, a natureza dos datos e os riscos a que est\u00e1n expostos, xa prove\u00f1an da acci\u00f3n humana ou do medio f\u00edsico ou natural, todo iso de conformidade coa normativa vixente na materia.<\/p>\r\n<p><strong>1.4 CONFIDENCIALIDAD<\/strong><\/p>\r\n<p>O Titular comprom\u00e9tese a gardar a m\u00e1xima reserva e segredo sobre a informaci\u00f3n de car\u00e1cter persoal. O Titular non cede os seus datos a terceiros, salvo requisito legal. O Titular ser\u00e1 responsable de que o seu persoal, colaboradores, directivos e en xeral, todas as persoas que te\u00f1an acceso \u00e1 informaci\u00f3n confidencial e aos datos de car\u00e1cter persoal respecten a confidencialidade da informaci\u00f3n, as\u00ed como as obrigaci\u00f3ns relativas ao tratamento de datos de car\u00e1cter persoal fixado pola lexislaci\u00f3n vixente. Xa que logo, o Titular realizar\u00e1 cantas advertencias e subscribir\u00e1 cantos documentos sexan necesarios, con devanditas persoas, co fin de asegurar o cumprimento de tales obrigaci\u00f3ns. O acceso dos datos persoais ser\u00e1 aquel que for absolutamente indispensable para a prestaci\u00f3n das obrigaci\u00f3ns previstas no contrato. Xa que logo, o Titular realizar\u00e1 cantas advertencias e subscribir\u00e1 cantos documentos sexan necesarios, con devanditas persoas, co fin de asegurar o cumprimento de tales obrigaci\u00f3ns.<\/p>\r\n<p><strong>1.5 PROCEDEMENTO DE EXERCICIO DEREITOS<\/strong><\/p>\r\n<p>Como usuario do noso sitio web, dos produtos ou servizos do titular si entende que o tratamento dos seus datos persoais non \u00e9 acorde coa normativa vixente, ou ben quere exercitar os dereitos reco\u00f1ecidos pola lexislaci\u00f3n vixente; acceso, rectificaci\u00f3n, supresi\u00f3n (dereito ao esquecemento), limitaci\u00f3n do tratamento, potabilidade, oposici\u00f3n ou o dereito a non ser obxecto de decisi\u00f3ns individualizadas.<\/p>\r\n<p>Para proceder ao exercicio destes dereitos, en CASA DO PAT\u00cdN, seguimos as instruci\u00f3ns da Axencia Espa\u00f1ola de Protecci\u00f3n de Datos. Para iso, agradeceri\u00e1moslle siga as seguintes instruci\u00f3ns:<\/p>\r\n<p>1.- Descargar o modelo do exercicio do dereito que quere exercitar: <a href=\"https:\/\/www.aepd.\u00e9\/reglamento\/dereitos\/index.html\">https:\/\/www.aepd.\u00e9\/reglamento\/dereitos\/index.html<\/a><br \/>2.- Cumprimentar o modelo, indicando os datos requiridos<\/p>\r\n<p>-AMPARO ANGUEIRA VITURRO<\/p>\r\n<p>&#8211; PORTA FONDO DE VILA, 4 15900 PADR\u00d3N<\/p>\r\n<p>3.- Acompa\u00f1ar coa solicitude, a s\u00faa NIF ou un documento equivalente (NIE ou Pasaporte) que permita acreditar a s\u00faa identidade.<br \/>4.- Remitir esta documentaci\u00f3n a: info@casadopatin.es<\/p>\r\n<p>No caso de que queira <strong>realizar unha baixa das comunicaci\u00f3ns comerciais e publicitarias<\/strong>, pode realizala vostede mesmo enviando un correo electr\u00f3nico, desde a conta que desexa dar de baixa, indicando no asunto \u00abBaixa de comunicaci\u00f3ns comerciais\u00bb. Non obstante, si ten calquera cuesti\u00f3n sobre o procedemento pode contactar connosco a trav\u00e9s do correo electr\u00f3nico dirix\u00edndose a: info@casadopatin.es<\/p>\r\n<p>O exercicio destes dereitos \u00e9 gratuito. Non obstante, si non estivese conforme pode presentar unha reclamaci\u00f3n ante a Axencia Espa\u00f1ola de Protecci\u00f3n de Datos (<a href=\"http:\/\/www.agpd.es\">www.agpd.es<\/a>)<\/p>\r\n<p><strong>1.6 POLITICA DE PRIVACIDAD REDES SOCIAIS<\/strong><\/p>\r\n<p>En cumprimento da normativa vixente e aplicable en Protecci\u00f3n de Datos de Car\u00e1cter Persoal (RGPD) e a Lei 34\/2002, de 11 de xullo, de Servizos da Sociedade da Informaci\u00f3n e de Comercio Electr\u00f3nico (LSSI-CE), AMPARO ANGUEIRA VITURRO informa aos usuarios, que procedeu a crear un perfil nas Redes Sociais Facebook, Instagram e Twitter coa finalidade principal de publicitar os seus produtos e servizos.<\/p>\r\n<p>Datos de <strong>AMPARO ANGUEIRA VITURRO<\/strong>:<\/p>\r\n<p>&#8211; CIF: <strong>33252465P<\/strong><\/p>\r\n<p>&#8211; DIRECCI\u00d3N: <strong>PORTA FONDO DE VILA, 4 15900 PADR\u00d3N<\/strong><\/p>\r\n<p>&#8211; CORREO ELECTR\u00d3NICO: <strong>info@casadopatin.es<\/strong><\/p>\r\n<p>&#8211; DOMINIO WEB: <a href=\"https:\/\/casadopatin.es\">https:\/\/casadopatin.es<\/a><\/p>\r\n<p>O usuario disp\u00f3n dun perfil na mesma Rede Social e decidiu unirse \u00e1 p\u00e1xina creada por AMPARO ANGUEIRA VITURRO, mostrando as\u00ed interese na informaci\u00f3n que se publicite na Rede. Ao unirse \u00e1 nosa p\u00e1xina, facil\u00edtanos o seu consentimento para o tratamento daqueles datos persoais publicados no seu perfil.<\/p>\r\n<p>O usuario pode acceder en todo momento \u00e1s pol\u00edticas de privacidade da propia Rede Social, as\u00ed como configurar o seu perfil para garantir o seu privacidade.<\/p>\r\n<p><strong>AMPARO ANGUEIRA VITURRO<\/strong> ten acceso e trata aquela informaci\u00f3n p\u00fablica do usuario, en especial, o seu nome de contacto. Estes datos, s\u00f3 son utilizados dentro da propia Rede Social. Non son incorporados a ning\u00fan sistema de tratamento.<\/p>\r\n<p><strong>Datos de menores de idade ou incapaces<\/strong><\/p>\r\n<p>O acceso e rexistro nesta rede social est\u00e1 prohibido aos menores de catorce (14) anos, de forma que igualmente queda prohibido o acceso e uso dos menores de catorce (14 anos) \u00e1 p\u00e1xina oficial de <strong>AMPARO ANGUEIRA VITURRO<\/strong> na mesma. Pola s\u00faa banda, si o usuario \u00e9 incapaz, <strong>AMPARO ANGUEIRA VITURRO<\/strong> advirte que ser\u00e1 necesaria a asistencia consentida do titular da patria potestade ou tutela do usuario ou o seu representante legal para o acceso e uso desta p\u00e1xina oficial. <strong>AMPARO ANGUEIRA VITURRO<\/strong> quedar\u00e1 expresamente exonerada de calquera responsabilidade que puidese derivarse do uso da s\u00faa p\u00e1xina oficial por menores e incapaces sendo dita responsabilidade dos seus representantes legais en cada caso.<\/p>\r\n<p>En relaci\u00f3n aos dereitos de acceso, rectificaci\u00f3n, limitaci\u00f3n de tratamento, supresi\u00f3n, portabilidade e oposici\u00f3n ao tratamento dos seus datos de car\u00e1cter persoal dos que vostede disp\u00f3n e que poden ser exercitados ante <strong>AMPARO ANGUEIRA VITURRO<\/strong>, de acordo coa RGPD, debe ter en conta os seguintes matices:<br \/>&#8211; Dereito de Acceso: \u00c9 o dereito do usuario a obter informaci\u00f3n sobre os seus datos concretos de car\u00e1cter persoal e do tratamento que se realizou ou realice, as\u00ed como da informaci\u00f3n dispo\u00f1ible sobre a orixe de devanditos datos e as comunicaci\u00f3ns realizadas ou previstas dos mesmos.<\/p>\r\n<p>&#8211; Dereito de Rectificaci\u00f3n: \u00c9 o dereito do afectado a que se modifiquen os datos que resulten ser inexactos ou incompletos. S\u00f3 poder\u00e1 satisfacerse en relaci\u00f3n a aquela informaci\u00f3n que se atope baixo o control de <strong>AMPARO ANGUEIRA VITURRO<\/strong>, por exemplo, eliminar comentarios publicados na propia p\u00e1xina, imaxes ou contidos web onde consten datos de car\u00e1cter persoal do usuario.<\/p>\r\n<p>&#8211; Dereito \u00e1 Limitaci\u00f3n de tratamento: \u00c9 o dereito a que se limiten os fins do tratamento previstos de forma orixinal polo responsable do tratamento.<\/p>\r\n<p>&#8211; Dereito de Supresi\u00f3n: \u00c9 o dereito a suprimir os datos de car\u00e1cter persoal do usuario, f\u00f3ra diso o previsto no propio RGPD ou noutras normativas aplicables que determinen a obligatoriedad da conservaci\u00f3n dos mesmos, en tempo e forma.<br \/>&#8211; Dereito de portabilidade: O dereito a recibir os datos persoais que o usuario, facilite, nun formato estruturado, de uso com\u00fan e lectura mec\u00e1nica, e a transmitilos a outro responsable.<\/p>\r\n<p>&#8211; Dereito de Oposici\u00f3n: \u00c9 o dereito do usuario a que non se leve a cabo o tratamento dos seus datos de car\u00e1cter persoal ou se cese o tratamento dos mesmos por parte de <strong>AMPARO ANGUEIRA VITURRO<\/strong>.<\/p>\r\n<p><strong>AMPARO ANGUEIRA VITURRO<\/strong> realizar\u00e1 as seguintes actuaci\u00f3ns:<\/p>\r\n<p>&#8211; Acceso \u00e1 informaci\u00f3n p\u00fablica do perfil.<\/p>\r\n<p>&#8211; Publicaci\u00f3n no perfil do usuario de toda aquela informaci\u00f3n xa publicada na p\u00e1xina de <strong>AMPARO ANGUEIRA VITURRO<\/strong>.<br \/>&#8211; Enviar mensaxes persoais e individuais a trav\u00e9s das canles da Rede Social.<\/p>\r\n<p>&#8211; Actualizaci\u00f3ns do estado da p\u00e1xina que se publicar\u00e1n no perfil do usuario.<\/p>\r\n<p>O usuario sempre pode controlar as s\u00faas conexi\u00f3ns, eliminar os contidos que deixen de interesarlle e restrinxir con quen comparte as s\u00faas conexi\u00f3ns, para iso deber\u00e1 acceder \u00e1 s\u00faa configuraci\u00f3n de privacidade.<\/p>\r\n<p><br \/><strong>Publicaci\u00f3ns<\/strong><br \/>O usuario, unha vez unido \u00e1 p\u00e1xina de <strong>AMPARO ANGUEIRA VITURRO<\/strong>, poder\u00e1 publicar nesta \u00faltima comentarios, enlaces, imaxes ou fotograf\u00edas ou calquera outro tipo de contido multimedia soportado pola Rede Social. O usuario, en todos os casos, debe ser o titular dos mesmos, gozar dos dereitos de autor e de propiedade intelectual ou contar co consentimento dos terceiros afectados. Proh\u00edbese expresamente calquera publicaci\u00f3n na p\u00e1xina, xa sexan textos, gr\u00e1ficos, fotograf\u00edas, v\u00eddeos, etc. que atenten ou sexan susceptibles de atentar contra a moral, a \u00e9tica, o bo gusto ou o decoro, e\/ou que infrinxan, violen ou quebranten os dereitos de propiedade intelectual ou industrial, o dereito \u00e1 imaxe ou a Lei. Nestes casos, AMPARO ANGUEIRA VITURRO res\u00e9rvase o dereito a retirar de inmediato o contido, podendo solicitar o bloqueo permanente do usuario.<\/p>\r\n<p><strong>AMPARO ANGUEIRA VITURRO<\/strong> non se far\u00e1 responsable dos contidos que libremente publicou un usuario.<br \/>O usuario debe ter presente que as s\u00faas publicaci\u00f3ns ser\u00e1n co\u00f1ecidas polos outros usuarios, polo que el mesmo \u00e9 o principal responsable do seu privacidade.<\/p>\r\n<p>As imaxes que poidan publicarse na p\u00e1xina non ser\u00e1n almacenadas en ning\u00fan sistema de tratamento por parte de <strong>AMPARO ANGUEIRA VITURRO<\/strong>, pero si que permanecer\u00e1n na Rede Social.<\/p>\r\n<p><br \/><strong>Concursos e promociones<\/strong><\/p>\r\n<p><strong>AMPARO ANGUEIRA VITURRO<\/strong> res\u00e9rvase o dereito a realizar concursos e promociones, nos que poder\u00e1 participar o usuario unido \u00e1 s\u00faa p\u00e1xina. As bases de cada un deles, cando se utilice para iso a plataforma da Rede Social, ser\u00e1n publicadas na mesma. Cumprindo sempre coa LSSI-CE e con calquera outra norma que lle sexa de aplicaci\u00f3n.<\/p>\r\n<p>A Rede Social non patrocina, avala nin administra, de modo alg\u00fan, ningunha das nosas promociones, nin est\u00e1 asociada a ningunha delas.<\/p>\r\n<p><strong>Publicidade<\/strong><br \/><strong>AMPARO ANGUEIRA VITURRO<\/strong> utilizar\u00e1 a Rede Social para facer publicidade dos seus produtos e servizos, en todo caso, si decide tratar os seus datos de contacto para realizar acci\u00f3ns directas de prospecci\u00f3n comercial, ser\u00e1 sempre, cumprindo coas esixencias legais da RGPD e da LSSI-CE.<\/p>\r\n<p>Non se considera publicidade o feito de recomendar a outros usuarios a p\u00e1xina de AMPARO ANGUEIRA VITURRO para que tam\u00e9n eles poidan gozar das promociones ou estar informados da s\u00faa actividade.<br \/>A continuaci\u00f3n detallamos o enlace \u00e1 pol\u00edtica de privacidade da Rede Social:<\/p>\r\n<p>&#8211; Facebook: <a href=\"https:\/\/www.facebook.com\/help\/323540651073243\/\">https:\/\/www.facebook.com\/help\/323540651073243\/<\/a><\/p>\r\n<p>&#8211; Twitter: <a href=\"https:\/\/twitter.com\/privacy\">https:\/\/twitter.com\/privacy<\/a><\/p>\r\n<p>&#8211; Instagram: <a href=\"https:\/\/help.instagram.com\/581066165581870\">https:\/\/help.instagram.com\/581066165581870<\/a><\/p>\r\n","protected":false},"excerpt":{"rendered":"<p>AMPARO ANGUEIRA VITURRO (o \u00abTitular\u00bb) facilita aos usuarios (o \u00abUsuario\u00bb ou os \u00abUsuarios\u00bb) do presente sitio web (o \u00abSitio Web\u00ab) a seguinte informaci\u00f3n. Inf\u00f3rmase aos Usuarios conforme ao establecido no art 13 do Regulamento (UE) 2016\/679 do Parlamento Europeo e do Consello, de 27 de abril de 2016, relativo \u00e1 protecci\u00f3n das persoas f\u00edsicas no [&hellip;]<\/p>\n","protected":false},"author":1,"featured_media":0,"parent":0,"menu_order":0,"comment_status":"closed","ping_status":"closed","template":"","meta":{"_et_pb_use_builder":"","_et_pb_old_content":"","_et_gb_content_width":"","footnotes":""},"class_list":["post-3","page","type-page","status-publish","hentry"],"_links":{"self":[{"href":"https:\/\/casadopatin.es\/index.php\/wp-json\/wp\/v2\/pages\/3","targetHints":{"allow":["GET"]}}],"collection":[{"href":"https:\/\/casadopatin.es\/index.php\/wp-json\/wp\/v2\/pages"}],"about":[{"href":"https:\/\/casadopatin.es\/index.php\/wp-json\/wp\/v2\/types\/page"}],"author":[{"embeddable":true,"href":"https:\/\/casadopatin.es\/index.php\/wp-json\/wp\/v2\/users\/1"}],"replies":[{"embeddable":true,"href":"https:\/\/casadopatin.es\/index.php\/wp-json\/wp\/v2\/comments?post=3"}],"version-history":[{"count":3,"href":"https:\/\/casadopatin.es\/index.php\/wp-json\/wp\/v2\/pages\/3\/revisions"}],"predecessor-version":[{"id":353,"href":"https:\/\/casadopatin.es\/index.php\/wp-json\/wp\/v2\/pages\/3\/revisions\/353"}],"wp:attachment":[{"href":"https:\/\/casadopatin.es\/index.php\/wp-json\/wp\/v2\/media?parent=3"}],"curies":[{"name":"wp","href":"https:\/\/api.w.org\/{rel}","templated":true}]}}