{"id":204,"date":"2021-02-15T16:16:49","date_gmt":"2021-02-15T16:16:49","guid":{"rendered":"https:\/\/casadopatin.es\/?page_id=204"},"modified":"2022-03-17T09:45:57","modified_gmt":"2022-03-17T09:45:57","slug":"aviso-legal","status":"publish","type":"page","link":"https:\/\/casadopatin.es\/index.php\/aviso-legal\/","title":{"rendered":"Aviso Legal"},"content":{"rendered":"<p><strong>AMPARO ANGUEIRA VITURRO<\/strong> (o \u00abTitular\u00bb) facilita aos usuarios (o \u00abUsuario\u00bb ou os \u00abUsuarios\u00bb) do presente sitio Web (o \u00abSitio Web) a seguinte informaci\u00f3n.<\/p>\n<p><strong>1.1 IDENTIFICACI\u00d3N DO TITULAR<\/strong><\/p>\n<p>Denominaci\u00f3n social: <strong>AMPARO ANGUEIRA VITURRO<\/strong><\/p>\n<p>Nome Comercial: CASA DO PAT\u00cdN<\/p>\n<p>Domicilio social: PORTA FONDO DE VILA, 4 15900 PADR\u00d3N<\/p>\n<p>NIF: 33252465P<\/p>\n<p>Tel\u00e9fono: 34 981 81 07 05<\/p>\n<p>E-Mail: info@casadopatin.es<\/p>\n<p>Nome do dominio: <a href=\"https:\/\/casadopatin.es\">https:\/\/casadopatin.es<\/a><\/p>\n<p><strong>1.2 CONDICI\u00d3NS DE USO<\/strong><\/p>\n<p>A continuaci\u00f3n, exp\u00f3\u00f1ense os termos e condici\u00f3ns de uso deste Sitio Web (as \u00abCondici\u00f3ns de Uso\u00bb), cuxos Usuarios deber\u00e1n cumprir en todo momento.<\/p>\n<p>Este Aviso Legal xunto coa Pol\u00edtica de Privacidade, a Pol\u00edtica de Cookies e as Condici\u00f3ns xerais de contrataci\u00f3n son o conxunto de normas que definen os termos e condici\u00f3ns que regulan o acceso e uso da a parte p\u00fablica e \u00e1 parte privada deste Sitio Web.<\/p>\n<p>O Titular require da prestaci\u00f3n de servizos e subministraci\u00f3ns de terceiros, inclu\u00eddo o transporte a trav\u00e9s de redes de telecomunicaci\u00f3ns, cuxa fiabilidade, calidade, continuidade e funcionamento non lle corresponde, polo que o acceso pode ser suspendido, cancelado ou resultar inaccesible por motivos t\u00e9cnicos.<\/p>\n<p>Doutra banda, o Titular res\u00e9rvase o dereito a interromper o acceso \u00e1 s\u00faa p\u00e1xina web, en calquera momento e sen previo aviso, xa sexa por motivos de seguridade, de control, de mantemento, por fallos de fornezo el\u00e9ctrico ou por calquera outra causa. Dita interrupci\u00f3n poder\u00e1 ter car\u00e1cter temporal ou definitivo, nese caso comunicarase tal circunstancia aos Usuarios, quen poder\u00e1n sufrir a perda, no seu caso, da informaci\u00f3n almacenada nos distintos servizos. En consecuencia, o Titular non garante a fiabilidade, a dispo\u00f1ibilidade nin a continuidade da s\u00faa p\u00e1xina Web, no caso de que concorran as citadas causas, polo que en ning\u00fan caso poder\u00e1n esixirse ao Titular neste sentido.<\/p>\n<p><strong>1.3 USO DO SITIO WEB<\/strong><\/p>\n<p>O Usuario comprom\u00e9tese a non utilizar este sitio Sitio Web para desenvolver actividades contrarias \u00e1s leis, \u00e1 moral ou \u00e1 orde p\u00fablica e, en xeral, a facer un uso conforme \u00e1 lexislaci\u00f3n vixente e \u00e1s presentes condici\u00f3ns xerais.<\/p>\n<p><strong>1.4 CONTIDOS<\/strong><\/p>\n<p>Os Contidos deste sitio Sitio Web, entendendo por estes, meramente a t\u00edtulo enunciativo, os seguintes: \u00edndices, textos, fotograf\u00edas, gr\u00e1ficos, imaxes, iconas, tecnolox\u00eda, links, contidos audiovisuais ou sonoros, as\u00ed como o seu dese\u00f1o gr\u00e1fico e c\u00f3digo fonte te\u00f1en un car\u00e1cter meramente informativo, en ning\u00fan caso constit\u00faen asesoramento legal ou profesional ou o establecemento dunha relaci\u00f3n comercial ou contractual.<\/p>\n<p>O Titular poder\u00e1 modificar unilateralmente e sen previo aviso, sempre que o considere oportuno, a estrutura e dese\u00f1o da Web, as\u00ed como modificar ou eliminar, os servizos, os contidos e as condici\u00f3ns de acceso e\/ou uso deste Sitio Web.<br \/>\nO Titular non asume ningunha responsabilidade sobre enl\u00e1celos fac\u00eda outros sitios ou p\u00e1xinas Web que, no seu caso, puidesen inclu\u00edrse no mesmo, xa que non ten ning\u00fan tipo de control sobre os mesmos, polo que o usuario accede baixo a s\u00faa exclusiva responsabilidade ao contido e nas condici\u00f3ns de uso que rexan nos mesmos.<br \/>\nTanto o acceso a este Sitio Web como o uso non consentido que poida efectuarse dos contidos do mesmo \u00e9 de exclusiva responsabilidade de quen o realiza.<\/p>\n<p>O Usuario comprom\u00e9tese a non utilizar calquera dos Contidos que este Sitio Web po\u00f1a \u00e1 s\u00faa disposici\u00f3n para desenvolver actividades contrarias \u00e1s leis, \u00e1 moral ou \u00e1 orde p\u00fablica e, en xeral, a facer un uso conforme \u00e1s presentes condici\u00f3ns xerais.<\/p>\n<p><strong>1.5 PROPIEDADE INTELECTUAL E INDUSTRIAL<\/strong><\/p>\n<p>Todos os contidos da p\u00e1xina web, entendendo por estes a t\u00edtulo meramente enunciativo os textos, fotograf\u00edas, gr\u00e1ficos, imaxes, iconas, tecnolox\u00eda, software, enlaces e demais contidos audiovisuais ou sonoros, as\u00ed como o seu dese\u00f1o e c\u00f3digos fonte (en diante, os Contidos) son propiedade intelectual do Titular ou no seu caso, de terceiros, salvo que se especifique o contrario. Do mesmo xeito, as marcas, nomes comerciais ou signos distintivos son titularidade exclusiva de AMPARO ANGUEIRA VITURRO ou no seu caso, de terceiros, salvo que se especifique o contrario.<br \/>\nOs Contidos est\u00e1n protexidos pola lexislaci\u00f3n vixente sobre os dereitos de propiedade intelectual e industrial a favor do Titular, ou dun terceiro. A reproduci\u00f3n total ou parcial, distribuci\u00f3n, cesi\u00f3n, comunicaci\u00f3n p\u00fablica, transformaci\u00f3n ou calquera outro acto que non sexa expresamente autorizado polo Titular dos dereitos de explotaci\u00f3n quedan prohibidos.<br \/>\nNon obstante o anterior, o Usuario poder\u00e1 visualizar e obter unha copia privada temporal dos Contidos para o seu exclusivo uso persoal e privado nos seus sistemas inform\u00e1ticos (software e hardware), sempre que non sexa coa finalidade de desenvolver actividades de car\u00e1cter comercial ou profesional, as\u00ed como a s\u00faa distribuci\u00f3n, modificaci\u00f3n, alteraci\u00f3n ou descompilaci\u00f3n, salvo autorizaci\u00f3n expresa do Titular.<\/p>\n<p>Respecto de as citas de produtos e servizos de terceiros, o Titular, reco\u00f1ece a favor destes terceiros os correspondentes dereitos de propiedade industrial e intelectual, non implicando a s\u00faa soa menci\u00f3n ou aparici\u00f3n na Web a existencia de dereitos ou responsabilidade algunha do Titular sobre os mesmos, como tampouco respaldo, patrocinio, ou recomendaci\u00f3n por parte do Titular, a non ser que se manifeste de xeito expresa.<br \/>\nEn caso de d\u00fabida, pode solicitar m\u00e1is informaci\u00f3n a trav\u00e9s do noso formulario de contacto web.<\/p>\n<p><strong>1.6 RESPONSABILIDADE<\/strong><\/p>\n<p>O Titular declina calquera responsabilidade respecto de a informaci\u00f3n que se ache fose deste Sitio WEB e non xestionado directamente polos nosos inform\u00e1ticos.<\/p>\n<p>En ning\u00fan caso, a existencia de sitios enlazados, denominaci\u00f3ns ou marcas de terceiros debe presupo\u00f1er a existencia de acordos cos responsables ou titulares dos mesmos, nin a recomendaci\u00f3n, promoci\u00f3n ou identificaci\u00f3n do Titular coas manifestaci\u00f3ns, contidos ou servizos provistas por estes.<\/p>\n<p>Todo enlace de terceiros \u00e1 WEB son \u00e1 s\u00faa p\u00e1xina principal, quedando expresamente prohibidos links profundos, o framming e calquera outro aproveitamento dos contidos da Web, a favor de terceiros non autorizados expresamente.<br \/>\nProh\u00edbese utilizar logotipos, marcas comerciais ou calquera outro gr\u00e1fico propiedade do Titular como parte dun enlace sen permiso expreso e por escrito.<\/p>\n<p><strong>1.7 LEXISLACI\u00d3N APLICABLE E JURISDICCI\u00d3N<\/strong><\/p>\n<p>O presente Aviso Legal r\u00e9xese en todos e cada un dos seus extremos pola lei aplicable en Espa\u00f1a.<br \/>\nPara calquera controversia que puidese suscitarse entre o Titular e o Usuario, ac\u00f3rdase o sometemento, coa renuncia expresa a calquera outro foro, aos Xulgados e Tribunais da cidade de Padr\u00f3n.<\/p>\n","protected":false},"excerpt":{"rendered":"<p>AMPARO ANGUEIRA VITURRO (o \u00abTitular\u00bb) facilita aos usuarios (o \u00abUsuario\u00bb ou os \u00abUsuarios\u00bb) do presente sitio Web (o \u00abSitio Web) a seguinte informaci\u00f3n. 1.1 IDENTIFICACI\u00d3N DO TITULAR Denominaci\u00f3n social: AMPARO ANGUEIRA VITURRO Nome Comercial: CASA DO PAT\u00cdN Domicilio social: PORTA FONDO DE VILA, 4 15900 PADR\u00d3N NIF: 33252465P Tel\u00e9fono: 34 981 81 07 05 E-Mail: [&hellip;]<\/p>\n","protected":false},"author":2,"featured_media":0,"parent":0,"menu_order":0,"comment_status":"closed","ping_status":"closed","template":"","meta":{"_et_pb_use_builder":"","_et_pb_old_content":"","_et_gb_content_width":"","footnotes":""},"class_list":["post-204","page","type-page","status-publish","hentry"],"_links":{"self":[{"href":"https:\/\/casadopatin.es\/index.php\/wp-json\/wp\/v2\/pages\/204","targetHints":{"allow":["GET"]}}],"collection":[{"href":"https:\/\/casadopatin.es\/index.php\/wp-json\/wp\/v2\/pages"}],"about":[{"href":"https:\/\/casadopatin.es\/index.php\/wp-json\/wp\/v2\/types\/page"}],"author":[{"embeddable":true,"href":"https:\/\/casadopatin.es\/index.php\/wp-json\/wp\/v2\/users\/2"}],"replies":[{"embeddable":true,"href":"https:\/\/casadopatin.es\/index.php\/wp-json\/wp\/v2\/comments?post=204"}],"version-history":[{"count":3,"href":"https:\/\/casadopatin.es\/index.php\/wp-json\/wp\/v2\/pages\/204\/revisions"}],"predecessor-version":[{"id":359,"href":"https:\/\/casadopatin.es\/index.php\/wp-json\/wp\/v2\/pages\/204\/revisions\/359"}],"wp:attachment":[{"href":"https:\/\/casadopatin.es\/index.php\/wp-json\/wp\/v2\/media?parent=204"}],"curies":[{"name":"wp","href":"https:\/\/api.w.org\/{rel}","templated":true}]}}